{"id":23850,"date":"2025-07-19T12:10:47","date_gmt":"2025-07-19T12:10:47","guid":{"rendered":"https:\/\/eurohotelparisorly.com\/?page_id=23850"},"modified":"2025-11-16T16:36:09","modified_gmt":"2025-11-16T16:36:09","slug":"nos-services","status":"publish","type":"page","link":"https:\/\/eurohotelpariscreteil.com\/en\/nos-services\/","title":{"rendered":"Les Services de l\u2019H\u00f4tel | Pour un S\u00e9jour Confortable et Pratique"},"content":{"rendered":"<div data-elementor-type=\"wp-page\" data-elementor-id=\"23850\" class=\"elementor elementor-23850\" data-elementor-post-type=\"page\">\n\t\t\t\t<div class=\"elementor-element elementor-element-31f2171 e-con-full hero-block hero-v4 bg-img-hero-bottom text-center z-index-2 e-flex e-con e-parent\" data-id=\"31f2171\" data-element_type=\"container\" data-settings=\"{&quot;background_background&quot;:&quot;classic&quot;}\">\n\t\t<div class=\"elementor-element elementor-element-09c99ef e-con-full e-flex e-con e-child\" data-id=\"09c99ef\" data-element_type=\"container\">\n\t\t\t\t<div class=\"elementor-element elementor-element-7420569 mb-0 px-3 mt-xl-4 pt-11 elementor-widget elementor-widget-highlighted-heading\" data-id=\"7420569\" data-element_type=\"widget\" data-widget_type=\"highlighted-heading.default\">\n\t\t\t\t<div class=\"elementor-widget-container\">\n\t\t\t\t\t<h1 class=\"mytravel-elementor-highlighted-heading__title font-size-50 font-size-xs-30 text-white font-weight-bold\">Services<\/h1>\t\t\t\t<\/div>\n\t\t\t\t<\/div>\n\t\t<div class=\"elementor-element elementor-element-58aaf35 e-con-full e-grid e-con e-child\" data-id=\"58aaf35\" data-element_type=\"container\">\n\t\t\t\t<div class=\"elementor-element elementor-element-36642ea px-xl-2 px-uw-7 elementor-position-left elementor-vertical-align-middle elementor-view-default elementor-mobile-position-top elementor-widget elementor-widget-icon-box\" data-id=\"36642ea\" data-element_type=\"widget\" data-widget_type=\"icon-box.default\">\n\t\t\t\t<div class=\"elementor-widget-container\">\n\t\t\t\t\t\t\t<div class=\"elementor-icon-box-wrapper\">\n\n\t\t\t\t\t\t<div class=\"elementor-icon-box-icon\">\n\t\t\t\t<span  class=\"elementor-icon\">\n\t\t\t\t<i aria-hidden=\"true\" class=\"flaticon flaticon-price\"><\/i>\t\t\t\t<\/span>\n\t\t\t<\/div>\n\t\t\t\n\t\t\t\t\t\t<div class=\"elementor-icon-box-content\">\n\n\t\t\t\t\t\t\t\t\t<h5 class=\"elementor-icon-box-title\">\n\t\t\t\t\t\t<span  >\n\t\t\t\t\t\t\tCompetitive rates\t\t\t\t\t\t<\/span>\n\t\t\t\t\t<\/h5>\n\t\t\t\t\n\t\t\t\t\t\t\t\t\t<p class=\"elementor-icon-box-description\">\n\t\t\t\t\t\tReservations on the official website\n\n\t\t\t\t\t<\/p>\n\t\t\t\t\n\t\t\t<\/div>\n\t\t\t\n\t\t<\/div>\n\t\t\t\t\t\t<\/div>\n\t\t\t\t<\/div>\n\t\t\t\t<div class=\"elementor-element elementor-element-1438d5b px-xl-2 px-uw-7 elementor-position-left elementor-view-default elementor-mobile-position-top elementor-vertical-align-top elementor-widget elementor-widget-icon-box\" data-id=\"1438d5b\" data-element_type=\"widget\" data-widget_type=\"icon-box.default\">\n\t\t\t\t<div class=\"elementor-widget-container\">\n\t\t\t\t\t\t\t<div class=\"elementor-icon-box-wrapper\">\n\n\t\t\t\t\t\t<div class=\"elementor-icon-box-icon\">\n\t\t\t\t<span  class=\"elementor-icon\">\n\t\t\t\t<i aria-hidden=\"true\" class=\"flaticon flaticon-medal\"><\/i>\t\t\t\t<\/span>\n\t\t\t<\/div>\n\t\t\t\n\t\t\t\t\t\t<div class=\"elementor-icon-box-content\">\n\n\t\t\t\t\t\t\t\t\t<h5 class=\"elementor-icon-box-title\">\n\t\t\t\t\t\t<span  >\n\t\t\t\t\t\t\tRemises exclusives\t\t\t\t\t\t<\/span>\n\t\t\t\t\t<\/h5>\n\t\t\t\t\n\t\t\t\t\t\t\t\t\t<p class=\"elementor-icon-box-description\">\n\t\t\t\t\t\tOnly on the official website\n\n\t\t\t\t\t<\/p>\n\t\t\t\t\n\t\t\t<\/div>\n\t\t\t\n\t\t<\/div>\n\t\t\t\t\t\t<\/div>\n\t\t\t\t<\/div>\n\t\t\t\t<div class=\"elementor-element elementor-element-028dedf px-xl-2 px-uw-7 elementor-position-left elementor-view-default elementor-mobile-position-top elementor-vertical-align-top elementor-widget elementor-widget-icon-box\" data-id=\"028dedf\" data-element_type=\"widget\" data-widget_type=\"icon-box.default\">\n\t\t\t\t<div class=\"elementor-widget-container\">\n\t\t\t\t\t\t\t<div class=\"elementor-icon-box-wrapper\">\n\n\t\t\t\t\t\t<div class=\"elementor-icon-box-icon\">\n\t\t\t\t<span  class=\"elementor-icon\">\n\t\t\t\t<i aria-hidden=\"true\" class=\"flaticon flaticon-world\"><\/i>\t\t\t\t<\/span>\n\t\t\t<\/div>\n\t\t\t\n\t\t\t\t\t\t<div class=\"elementor-icon-box-content\">\n\n\t\t\t\t\t\t\t\t\t<h5 class=\"elementor-icon-box-title\">\n\t\t\t\t\t\t<span  >\n\t\t\t\t\t\t\tIdeal destination\t\t\t\t\t\t<\/span>\n\t\t\t\t\t<\/h5>\n\t\t\t\t\n\t\t\t\t\t\t\t\t\t<p class=\"elementor-icon-box-description\">\n\t\t\t\t\t\tAdjust to your mood\n\n\t\t\t\t\t<\/p>\n\t\t\t\t\n\t\t\t<\/div>\n\t\t\t\n\t\t<\/div>\n\t\t\t\t\t\t<\/div>\n\t\t\t\t<\/div>\n\t\t\t\t<div class=\"elementor-element elementor-element-b9cbca0 px-xl-2 px-uw-7 elementor-position-left elementor-view-default elementor-mobile-position-top elementor-vertical-align-top elementor-widget elementor-widget-icon-box\" data-id=\"b9cbca0\" data-element_type=\"widget\" data-widget_type=\"icon-box.default\">\n\t\t\t\t<div class=\"elementor-widget-container\">\n\t\t\t\t\t\t\t<div class=\"elementor-icon-box-wrapper\">\n\n\t\t\t\t\t\t<div class=\"elementor-icon-box-icon\">\n\t\t\t\t<span  class=\"elementor-icon\">\n\t\t\t\t<i aria-hidden=\"true\" class=\"flaticon flaticon-social\"><\/i>\t\t\t\t<\/span>\n\t\t\t<\/div>\n\t\t\t\n\t\t\t\t\t\t<div class=\"elementor-icon-box-content\">\n\n\t\t\t\t\t\t\t\t\t<h5 class=\"elementor-icon-box-title\">\n\t\t\t\t\t\t<span  >\n\t\t\t\t\t\t\tPersonalized attention\t\t\t\t\t\t<\/span>\n\t\t\t\t\t<\/h5>\n\t\t\t\t\n\t\t\t\t\t\t\t\t\t<p class=\"elementor-icon-box-description\">\n\t\t\t\t\t\tR\u00e9ception 24h\n\n\t\t\t\t\t<\/p>\n\t\t\t\t\n\t\t\t<\/div>\n\t\t\t\n\t\t<\/div>\n\t\t\t\t\t\t<\/div>\n\t\t\t\t<\/div>\n\t\t\t\t<\/div>\n\t\t\t\t<\/div>\n\t\t\t\t<\/div>\n\t\t<div class=\"elementor-element elementor-element-374043c e-flex e-con-boxed e-con e-parent\" data-id=\"374043c\" data-element_type=\"container\">\n\t\t\t\t\t<div class=\"e-con-inner\">\n\t\t\t\t<div class=\"elementor-element elementor-element-9be637f elementor-widget elementor-widget-heading\" data-id=\"9be637f\" data-element_type=\"widget\" data-widget_type=\"heading.default\">\n\t\t\t\t<div class=\"elementor-widget-container\">\n\t\t\t\t\t<h5 class=\"elementor-heading-title elementor-size-default\">COMFORT AND WELL-BEING IN CRETEIL<\/h5>\t\t\t\t<\/div>\n\t\t\t\t<\/div>\n\t\t\t\t<div class=\"elementor-element elementor-element-e96b3be elementor-widget elementor-widget-heading\" data-id=\"e96b3be\" data-element_type=\"widget\" data-widget_type=\"heading.default\">\n\t\t\t\t<div class=\"elementor-widget-container\">\n\t\t\t\t\t<h2 class=\"elementor-heading-title elementor-size-default\">Eurohotel Paris Cr\u00e9teil services\n<\/h2>\t\t\t\t<\/div>\n\t\t\t\t<\/div>\n\t\t\t\t<div class=\"elementor-element elementor-element-a6169f0 elementor-widget elementor-widget-text-editor\" data-id=\"a6169f0\" data-element_type=\"widget\" data-widget_type=\"text-editor.default\">\n\t\t\t\t<div class=\"elementor-widget-container\">\n\t\t\t\t\t\t\t\t\t<p data-start=\"51\" data-end=\"329\">In<strong>Eurohotel Paris Cr\u00e9teil<\/strong>, we offer you a <strong>wide range of services<\/strong> designed to make your stay comfortable, convenient and enjoyable. Our commitment is to offer you <strong>a personalized experience<\/strong>with services to suit every moment of your day.<\/p><p data-start=\"331\" data-end=\"385\" data-is-last-node=\"\" data-is-only-node=\"\">\u00a0<\/p>\t\t\t\t\t\t\t\t<\/div>\n\t\t\t\t<\/div>\n\t\t\t\t\t<\/div>\n\t\t\t\t<\/div>\n\t\t<div class=\"elementor-element elementor-element-1b38c42 e-flex e-con-boxed e-con e-parent\" data-id=\"1b38c42\" data-element_type=\"container\">\n\t\t\t\t\t<div class=\"e-con-inner\">\n\t\t<div class=\"elementor-element elementor-element-d1e7540 e-con-full e-flex e-con e-child\" data-id=\"d1e7540\" data-element_type=\"container\">\n\t\t\t\t<div class=\"elementor-element elementor-element-173e1db elementor-widget elementor-widget-image\" data-id=\"173e1db\" data-element_type=\"widget\" data-widget_type=\"image.default\">\n\t\t\t\t<div class=\"elementor-widget-container\">\n\t\t\t\t\t\t\t\t\t\t\t\t\t\t\t<img fetchpriority=\"high\" decoding=\"async\" width=\"550\" height=\"450\" src=\"https:\/\/eurohotelpariscreteil.com\/wp-content\/uploads\/2025\/07\/free-wifi.png\" class=\"img-fluid attachment-full size-full wp-image-23865\" alt=\"\" srcset=\"https:\/\/eurohotelpariscreteil.com\/wp-content\/uploads\/2025\/07\/free-wifi.png 550w, https:\/\/eurohotelpariscreteil.com\/wp-content\/uploads\/2025\/07\/free-wifi-300x245.png 300w, https:\/\/eurohotelpariscreteil.com\/wp-content\/uploads\/2025\/07\/free-wifi-15x12.png 15w\" sizes=\"(max-width: 550px) 100vw, 550px\" \/>\t\t\t\t\t\t\t\t\t\t\t\t\t\t\t<\/div>\n\t\t\t\t<\/div>\n\t\t\t\t<\/div>\n\t\t<div class=\"elementor-element elementor-element-4f458b1 e-con-full e-flex e-con e-child\" data-id=\"4f458b1\" data-element_type=\"container\" data-settings=\"{&quot;background_background&quot;:&quot;classic&quot;}\">\n\t\t\t\t<div class=\"elementor-element elementor-element-f00c235 elementor-widget elementor-widget-heading\" data-id=\"f00c235\" data-element_type=\"widget\" data-widget_type=\"heading.default\">\n\t\t\t\t<div class=\"elementor-widget-container\">\n\t\t\t\t\t<h6 class=\"elementor-heading-title elementor-size-default\">INTERNET CONNEXION<\/h6>\t\t\t\t<\/div>\n\t\t\t\t<\/div>\n\t\t\t\t<div class=\"elementor-element elementor-element-0bd7fd6 elementor-widget elementor-widget-heading\" data-id=\"0bd7fd6\" data-element_type=\"widget\" data-widget_type=\"heading.default\">\n\t\t\t\t<div class=\"elementor-widget-container\">\n\t\t\t\t\t<h2 class=\"elementor-heading-title elementor-size-default\">Free wifi\n<\/h2>\t\t\t\t<\/div>\n\t\t\t\t<\/div>\n\t\t\t\t<div class=\"elementor-element elementor-element-aad03aa elementor-widget elementor-widget-text-editor\" data-id=\"aad03aa\" data-element_type=\"widget\" data-widget_type=\"text-editor.default\">\n\t\t\t\t<div class=\"elementor-widget-container\">\n\t\t\t\t\t\t\t\t\t<p>Stay connected at all times with free Wi-Fi available throughout the hotel.<\/p><p>Browse, work, or share your moments without constraints.<\/p>\t\t\t\t\t\t\t\t<\/div>\n\t\t\t\t<\/div>\n\t\t\t\t<\/div>\n\t\t\t\t\t<\/div>\n\t\t\t\t<\/div>\n\t\t<div class=\"elementor-element elementor-element-e0ae9c8 e-flex e-con-boxed e-con e-parent\" data-id=\"e0ae9c8\" data-element_type=\"container\">\n\t\t\t\t\t<div class=\"e-con-inner\">\n\t\t<div class=\"elementor-element elementor-element-6da9208 e-con-full e-flex e-con e-child\" data-id=\"6da9208\" data-element_type=\"container\" data-settings=\"{&quot;background_background&quot;:&quot;classic&quot;}\">\n\t\t\t\t<div class=\"elementor-element elementor-element-7494fd0 elementor-widget elementor-widget-heading\" data-id=\"7494fd0\" data-element_type=\"widget\" data-widget_type=\"heading.default\">\n\t\t\t\t<div class=\"elementor-widget-container\">\n\t\t\t\t\t<h6 class=\"elementor-heading-title elementor-size-default\">AN UNFORGETTABLE TASTE ADVENTURE\n\n\n<\/h6>\t\t\t\t<\/div>\n\t\t\t\t<\/div>\n\t\t\t\t<div class=\"elementor-element elementor-element-8ceba72 elementor-widget elementor-widget-heading\" data-id=\"8ceba72\" data-element_type=\"widget\" data-widget_type=\"heading.default\">\n\t\t\t\t<div class=\"elementor-widget-container\">\n\t\t\t\t\t<h2 class=\"elementor-heading-title elementor-size-default\">Restaurant et bar\n<\/h2>\t\t\t\t<\/div>\n\t\t\t\t<\/div>\n\t\t\t\t<div class=\"elementor-element elementor-element-430e7d7 elementor-widget elementor-widget-text-editor\" data-id=\"430e7d7\" data-element_type=\"widget\" data-widget_type=\"text-editor.default\">\n\t\t\t\t<div class=\"elementor-widget-container\">\n\t\t\t\t\t\t\t\t\t<p data-start=\"51\" data-end=\"298\">Start each morning with a full breakfast at the<strong>Eurohotel Paris Cr\u00e9teil<\/strong>.<\/p><p data-start=\"51\" data-end=\"298\">. Enjoy a <strong>refined cuisine<\/strong> in our restaurant, enjoy your coffee breaks in complete tranquillity, or relax in the friendly atmosphere of our <strong>bar<\/strong>.<\/p>\t\t\t\t\t\t\t\t<\/div>\n\t\t\t\t<\/div>\n\t\t\t\t<div class=\"elementor-element elementor-element-a1ab145 elementor-widget elementor-widget-button\" data-id=\"a1ab145\" data-element_type=\"widget\" data-widget_type=\"button.button-mytravel\">\n\t\t\t\t<div class=\"elementor-widget-container\">\n\t\t\t\t\t\t\t<div class=\"elementor-button-wrapper\">\n\t\t\t<a href=\"https:\/\/eurohotelpariscreteil.com\/en\/gastronomie\/\" class=\"mytravel-button elementor-button-link btn btn-outline-primary btn-sm\" role=\"button\">\n\t\t\t\t\t\t<span class=\"elementor-button-content-wrapper\">\n\t\t\t\t\t\t\t\t\t<span class=\"mytravel-button-text\">See more<\/span>\n\t\t\t\t\t<\/span>\n\t\t\t\t\t<\/a>\n\t\t<\/div>\n\t\t\t\t\t\t<\/div>\n\t\t\t\t<\/div>\n\t\t\t\t<\/div>\n\t\t<div class=\"elementor-element elementor-element-b7c3f8d e-con-full e-flex e-con e-child\" data-id=\"b7c3f8d\" data-element_type=\"container\">\n\t\t\t\t<div class=\"elementor-element elementor-element-9e2f739 elementor-widget elementor-widget-image\" data-id=\"9e2f739\" data-element_type=\"widget\" data-widget_type=\"image.default\">\n\t\t\t\t<div class=\"elementor-widget-container\">\n\t\t\t\t\t\t\t\t\t\t\t\t\t\t\t<img decoding=\"async\" width=\"550\" height=\"450\" data-src=\"https:\/\/eurohotelpariscreteil.com\/wp-content\/uploads\/2025\/07\/restaurant.png\" class=\"img-fluid attachment-full size-full wp-image-23866 lazyload\" alt=\"\" data-srcset=\"https:\/\/eurohotelpariscreteil.com\/wp-content\/uploads\/2025\/07\/restaurant.png 550w, https:\/\/eurohotelpariscreteil.com\/wp-content\/uploads\/2025\/07\/restaurant-300x245.png 300w, https:\/\/eurohotelpariscreteil.com\/wp-content\/uploads\/2025\/07\/restaurant-15x12.png 15w\" data-sizes=\"(max-width: 550px) 100vw, 550px\" src=\"data:image\/svg+xml;base64,PHN2ZyB3aWR0aD0iMSIgaGVpZ2h0PSIxIiB4bWxucz0iaHR0cDovL3d3dy53My5vcmcvMjAwMC9zdmciPjwvc3ZnPg==\" style=\"--smush-placeholder-width: 550px; --smush-placeholder-aspect-ratio: 550\/450;\" \/>\t\t\t\t\t\t\t\t\t\t\t\t\t\t\t<\/div>\n\t\t\t\t<\/div>\n\t\t\t\t<\/div>\n\t\t\t\t\t<\/div>\n\t\t\t\t<\/div>\n\t\t<div class=\"elementor-element elementor-element-a17c04f e-flex e-con-boxed e-con e-parent\" data-id=\"a17c04f\" data-element_type=\"container\">\n\t\t\t\t\t<div class=\"e-con-inner\">\n\t\t<div class=\"elementor-element elementor-element-59b158c e-con-full e-flex e-con e-child\" data-id=\"59b158c\" data-element_type=\"container\">\n\t\t\t\t<div class=\"elementor-element elementor-element-5a9eba3 elementor-widget elementor-widget-image\" data-id=\"5a9eba3\" data-element_type=\"widget\" data-widget_type=\"image.default\">\n\t\t\t\t<div class=\"elementor-widget-container\">\n\t\t\t\t\t\t\t\t\t\t\t\t\t\t\t<img decoding=\"async\" width=\"550\" height=\"450\" data-src=\"https:\/\/eurohotelpariscreteil.com\/wp-content\/uploads\/2025\/07\/salle-events.png\" class=\"img-fluid attachment-full size-full wp-image-23867 lazyload\" alt=\"\" data-srcset=\"https:\/\/eurohotelpariscreteil.com\/wp-content\/uploads\/2025\/07\/salle-events.png 550w, https:\/\/eurohotelpariscreteil.com\/wp-content\/uploads\/2025\/07\/salle-events-300x245.png 300w, https:\/\/eurohotelpariscreteil.com\/wp-content\/uploads\/2025\/07\/salle-events-15x12.png 15w\" data-sizes=\"(max-width: 550px) 100vw, 550px\" src=\"data:image\/svg+xml;base64,PHN2ZyB3aWR0aD0iMSIgaGVpZ2h0PSIxIiB4bWxucz0iaHR0cDovL3d3dy53My5vcmcvMjAwMC9zdmciPjwvc3ZnPg==\" style=\"--smush-placeholder-width: 550px; --smush-placeholder-aspect-ratio: 550\/450;\" \/>\t\t\t\t\t\t\t\t\t\t\t\t\t\t\t<\/div>\n\t\t\t\t<\/div>\n\t\t\t\t<\/div>\n\t\t<div class=\"elementor-element elementor-element-3f89e46 e-con-full e-flex e-con e-child\" data-id=\"3f89e46\" data-element_type=\"container\" data-settings=\"{&quot;background_background&quot;:&quot;classic&quot;}\">\n\t\t\t\t<div class=\"elementor-element elementor-element-cce08ca elementor-widget elementor-widget-heading\" data-id=\"cce08ca\" data-element_type=\"widget\" data-widget_type=\"heading.default\">\n\t\t\t\t<div class=\"elementor-widget-container\">\n\t\t\t\t\t<h6 class=\"elementor-heading-title elementor-size-default\">EVENT ROOMS<\/h6>\t\t\t\t<\/div>\n\t\t\t\t<\/div>\n\t\t\t\t<div class=\"elementor-element elementor-element-20532fa elementor-widget elementor-widget-heading\" data-id=\"20532fa\" data-element_type=\"widget\" data-widget_type=\"heading.default\">\n\t\t\t\t<div class=\"elementor-widget-container\">\n\t\t\t\t\t<h2 class=\"elementor-heading-title elementor-size-default\">Events and meetings\n<\/h2>\t\t\t\t<\/div>\n\t\t\t\t<\/div>\n\t\t\t\t<div class=\"elementor-element elementor-element-1abe79e elementor-widget elementor-widget-text-editor\" data-id=\"1abe79e\" data-element_type=\"widget\" data-widget_type=\"text-editor.default\">\n\t\t\t\t<div class=\"elementor-widget-container\">\n\t\t\t\t\t\t\t\t\t<p data-start=\"51\" data-end=\"229\">The<strong>Eurohotel Paris Cr\u00e9teil<\/strong> offers you fully equipped rooms, perfect for meetings, conventions, presentations, exhibitions or banquets at <strong>Cr\u00e9teil<\/strong>.<\/p>\t\t\t\t\t\t\t\t<\/div>\n\t\t\t\t<\/div>\n\t\t\t\t<div class=\"elementor-element elementor-element-9b49f6d elementor-widget elementor-widget-button\" data-id=\"9b49f6d\" data-element_type=\"widget\" data-widget_type=\"button.button-mytravel\">\n\t\t\t\t<div class=\"elementor-widget-container\">\n\t\t\t\t\t\t\t<div class=\"elementor-button-wrapper\">\n\t\t\t<a href=\"https:\/\/eurohotelpariscreteil.com\/en\/salle-de-reunion-a-creteil\/\" class=\"mytravel-button elementor-button-link btn btn-outline-primary btn-sm\" role=\"button\">\n\t\t\t\t\t\t<span class=\"elementor-button-content-wrapper\">\n\t\t\t\t\t\t\t\t\t<span class=\"mytravel-button-text\">See more<\/span>\n\t\t\t\t\t<\/span>\n\t\t\t\t\t<\/a>\n\t\t<\/div>\n\t\t\t\t\t\t<\/div>\n\t\t\t\t<\/div>\n\t\t\t\t<\/div>\n\t\t\t\t\t<\/div>\n\t\t\t\t<\/div>\n\t\t<div class=\"elementor-element elementor-element-09b0100 e-flex e-con-boxed e-con e-parent\" data-id=\"09b0100\" data-element_type=\"container\">\n\t\t\t\t\t<div class=\"e-con-inner\">\n\t\t<div class=\"elementor-element elementor-element-9ba5328 e-con-full e-flex e-con e-child\" data-id=\"9ba5328\" data-element_type=\"container\" data-settings=\"{&quot;background_background&quot;:&quot;classic&quot;}\">\n\t\t\t\t<div class=\"elementor-element elementor-element-458a23a elementor-widget elementor-widget-heading\" data-id=\"458a23a\" data-element_type=\"widget\" data-widget_type=\"heading.default\">\n\t\t\t\t<div class=\"elementor-widget-container\">\n\t\t\t\t\t<h6 class=\"elementor-heading-title elementor-size-default\">PERSONALIZED ATTENTION\n\n\n\n\n\n\n\n\n<\/h6>\t\t\t\t<\/div>\n\t\t\t\t<\/div>\n\t\t\t\t<div class=\"elementor-element elementor-element-ac071ae elementor-widget elementor-widget-heading\" data-id=\"ac071ae\" data-element_type=\"widget\" data-widget_type=\"heading.default\">\n\t\t\t\t<div class=\"elementor-widget-container\">\n\t\t\t\t\t<h2 class=\"elementor-heading-title elementor-size-default\">24-hour reception\n<\/h2>\t\t\t\t<\/div>\n\t\t\t\t<\/div>\n\t\t\t\t<div class=\"elementor-element elementor-element-2b7e6b8 elementor-widget elementor-widget-text-editor\" data-id=\"2b7e6b8\" data-element_type=\"widget\" data-widget_type=\"text-editor.default\">\n\t\t\t\t<div class=\"elementor-widget-container\">\n\t\t\t\t\t\t\t\t\t<p data-start=\"55\" data-end=\"273\">In <strong>Eurohotel Paris Cr\u00e9teil<\/strong>, our reception is available <strong>24h\/24<\/strong> to support you at all times.<\/p><p data-start=\"55\" data-end=\"273\">Our attentive team is always at your service to meet your needs and ensure you have a pleasant stay.<\/p>\t\t\t\t\t\t\t\t<\/div>\n\t\t\t\t<\/div>\n\t\t\t\t<\/div>\n\t\t<div class=\"elementor-element elementor-element-e99f683 e-con-full e-flex e-con e-child\" data-id=\"e99f683\" data-element_type=\"container\">\n\t\t\t\t<div class=\"elementor-element elementor-element-ab92d93 elementor-widget elementor-widget-image\" data-id=\"ab92d93\" data-element_type=\"widget\" data-widget_type=\"image.default\">\n\t\t\t\t<div class=\"elementor-widget-container\">\n\t\t\t\t\t\t\t\t\t\t\t\t\t\t\t<img decoding=\"async\" width=\"550\" height=\"450\" data-src=\"https:\/\/eurohotelpariscreteil.com\/wp-content\/uploads\/2025\/07\/reception-creteil.png\" class=\"img-fluid attachment-full size-full wp-image-23868 lazyload\" alt=\"\" data-srcset=\"https:\/\/eurohotelpariscreteil.com\/wp-content\/uploads\/2025\/07\/reception-creteil.png 550w, https:\/\/eurohotelpariscreteil.com\/wp-content\/uploads\/2025\/07\/reception-creteil-300x245.png 300w, https:\/\/eurohotelpariscreteil.com\/wp-content\/uploads\/2025\/07\/reception-creteil-15x12.png 15w\" data-sizes=\"(max-width: 550px) 100vw, 550px\" src=\"data:image\/svg+xml;base64,PHN2ZyB3aWR0aD0iMSIgaGVpZ2h0PSIxIiB4bWxucz0iaHR0cDovL3d3dy53My5vcmcvMjAwMC9zdmciPjwvc3ZnPg==\" style=\"--smush-placeholder-width: 550px; --smush-placeholder-aspect-ratio: 550\/450;\" \/>\t\t\t\t\t\t\t\t\t\t\t\t\t\t\t<\/div>\n\t\t\t\t<\/div>\n\t\t\t\t<\/div>\n\t\t\t\t\t<\/div>\n\t\t\t\t<\/div>\n\t\t\t\t<\/div>","protected":false},"excerpt":{"rendered":"Services Tarifs comp\u00e9titifs R\u00e9servation sur le site officiel Remises exclusives Uniquement sur le site officiel Destination id\u00e9ale Ajustez \u00e0 votre ambiance Attention personnalis\u00e9e R\u00e9ception 24h CONFORT ET BIEN-\u00caTRE \u00c0 CRETEIL Services de l&rsquo;Eurohotel Paris Cr\u00e9teil \u00c0 l\u2019Eurohotel Paris Cr\u00e9teil, nous vous proposons une large gamme de services con\u00e7us pour rendre votre s\u00e9jour confortable, pratique et&#8230;","protected":false},"author":1,"featured_media":20038,"parent":0,"menu_order":0,"comment_status":"closed","ping_status":"closed","template":"elementor_header_footer","meta":{"_acf_changed":false,"footnotes":""},"class_list":["post-23850","page","type-page","status-publish","has-post-thumbnail","hentry"],"acf":[],"_links":{"self":[{"href":"https:\/\/eurohotelpariscreteil.com\/en\/wp-json\/wp\/v2\/pages\/23850","targetHints":{"allow":["GET"]}}],"collection":[{"href":"https:\/\/eurohotelpariscreteil.com\/en\/wp-json\/wp\/v2\/pages"}],"about":[{"href":"https:\/\/eurohotelpariscreteil.com\/en\/wp-json\/wp\/v2\/types\/page"}],"author":[{"embeddable":true,"href":"https:\/\/eurohotelpariscreteil.com\/en\/wp-json\/wp\/v2\/users\/1"}],"replies":[{"embeddable":true,"href":"https:\/\/eurohotelpariscreteil.com\/en\/wp-json\/wp\/v2\/comments?post=23850"}],"version-history":[{"count":53,"href":"https:\/\/eurohotelpariscreteil.com\/en\/wp-json\/wp\/v2\/pages\/23850\/revisions"}],"predecessor-version":[{"id":24399,"href":"https:\/\/eurohotelpariscreteil.com\/en\/wp-json\/wp\/v2\/pages\/23850\/revisions\/24399"}],"wp:featuredmedia":[{"embeddable":true,"href":"https:\/\/eurohotelpariscreteil.com\/en\/wp-json\/"}],"wp:attachment":[{"href":"https:\/\/eurohotelpariscreteil.com\/en\/wp-json\/wp\/v2\/media?parent=23850"}],"curies":[{"name":"wp","href":"https:\/\/api.w.org\/{rel}","templated":true}]}}