{"id":23199,"date":"2025-01-27T15:36:30","date_gmt":"2025-01-27T15:36:30","guid":{"rendered":"https:\/\/hotelhamiltonagadir.com\/?page_id=23199"},"modified":"2026-02-14T15:54:15","modified_gmt":"2026-02-14T15:54:15","slug":"reservez-votre-salle-de-reunion","status":"publish","type":"page","link":"https:\/\/eurohotelpariscreteil.com\/en\/reservez-votre-salle-de-reunion\/","title":{"rendered":"R\u00e9servez votre salle de r\u00e9union \u2013 Eurohotel Paris Cr\u00e9teil"},"content":{"rendered":"\t\t<div data-elementor-type=\"wp-page\" data-elementor-id=\"23199\" class=\"elementor elementor-23199\" data-elementor-post-type=\"page\">\n\t\t\t\t\t\t<div class=\"elementor-section elementor-top-section elementor-element elementor-element-c9fc15a elementor-section-full_width hero-block hero-v4 bg-img-hero-bottom text-center z-index-2 elementor-reverse-tablet elementor-reverse-mobile elementor-section-height-default elementor-section-height-default\" data-id=\"c9fc15a\" data-element_type=\"section\" data-settings=\"{&quot;background_background&quot;:&quot;classic&quot;}\">\n\t\t\t\t\t\t<div class=\"elementor-container elementor-column-gap-default container pb-17\">\n\t\t\t\t\t<div class=\"elementor-column elementor-col-100 elementor-top-column elementor-element elementor-element-0df1584\" data-id=\"0df1584\" data-element_type=\"column\">\n\t\t\t<div class=\"elementor-widget-wrap\">\n\t\t\t\t\t\t\t<\/div>\n\t\t<\/div>\n\t\t\t\t\t<\/div>\n\t\t<\/div>\n\t\t<div class=\"elementor-element elementor-element-1ed5e1f e-flex e-con-boxed e-con e-parent\" data-id=\"1ed5e1f\" data-element_type=\"container\">\n\t\t\t\t\t<div class=\"e-con-inner\">\n\t\t\t\t<div class=\"elementor-element elementor-element-adb184d w-md-80 w-lg-70 text-center mx-md-auto mb-5 mt-3 elementor-widget elementor-widget-highlighted-heading\" data-id=\"adb184d\" data-element_type=\"widget\" data-widget_type=\"highlighted-heading.default\">\n\t\t\t\t<div class=\"elementor-widget-container\">\n\t\t\t\t\t<h2 class=\"mytravel-elementor-highlighted-heading__title section-title text-black font-size-xs-28 font-weight-bold mb-0\">Demande de devis<\/h2>\t\t\t\t<\/div>\n\t\t\t\t<\/div>\n\t\t\t\t\t<\/div>\n\t\t\t\t<\/div>\n\t\t<div class=\"elementor-element elementor-element-f2eda00 e-flex e-con-boxed e-con e-parent\" data-id=\"f2eda00\" data-element_type=\"container\">\n\t\t\t\t\t<div class=\"e-con-inner\">\n\t\t\t\t<div class=\"elementor-element elementor-element-05c5e95 mb-5 elementor-widget elementor-widget-heading\" data-id=\"05c5e95\" data-element_type=\"widget\" data-widget_type=\"heading.default\">\n\t\t\t\t<div class=\"elementor-widget-container\">\n\t\t\t\t\t<h6 class=\"elementor-heading-title elementor-size-default\">Pour tout type de question, n'h\u00e9sitez pas \u00e0 nous contacter en remplissant ce formulaire. <br>Nous vous r\u00e9pondrons dans les plus brefs d\u00e9lais avec des solutions et vous informerons en d\u00e9tail.<\/h6>\t\t\t\t<\/div>\n\t\t\t\t<\/div>\n\t\t\t\t\t<\/div>\n\t\t\t\t<\/div>\n\t\t<div class=\"elementor-element elementor-element-7d7c999 e-con-full e-flex e-con e-child\" data-id=\"7d7c999\" data-element_type=\"container\" data-settings=\"{&quot;background_background&quot;:&quot;classic&quot;}\">\n\t\t\t\t<div class=\"elementor-element elementor-element-829e589 border-bottom elementor-widget elementor-widget-highlighted-heading\" data-id=\"829e589\" data-element_type=\"widget\" data-widget_type=\"highlighted-heading.default\">\n\t\t\t\t<div class=\"elementor-widget-container\">\n\t\t\t\t\t<h5 class=\"mytravel-elementor-highlighted-heading__title h4\">Formulaire de contact<\/h5>\t\t\t\t<\/div>\n\t\t\t\t<\/div>\n\t\t\t\t<div class=\"elementor-element elementor-element-24e6cfb elementor-button-align-end elementor-widget elementor-widget-form\" data-id=\"24e6cfb\" data-element_type=\"widget\" data-settings=\"{&quot;step_next_label&quot;:&quot;Suivant&quot;,&quot;step_previous_label&quot;:&quot;Pr\\u00e9c\\u00e9dent&quot;,&quot;step_type&quot;:&quot;none&quot;,&quot;button_width&quot;:&quot;100&quot;,&quot;step_icon_shape&quot;:&quot;circle&quot;}\" data-widget_type=\"form.default\">\n\t\t\t\t<div class=\"elementor-widget-container\">\n\t\t\t\t\t\t\t<form class=\"elementor-form\" method=\"post\" name=\"book room meetings\">\n\t\t\t<input type=\"hidden\" name=\"post_id\" value=\"23199\"\/>\n\t\t\t<input type=\"hidden\" name=\"form_id\" value=\"24e6cfb\"\/>\n\t\t\t<input type=\"hidden\" name=\"referer_title\" value=\"R\u00e9servez votre salle de r\u00e9union \u2013 Eurohotel Paris Cr\u00e9teil\" \/>\n\n\t\t\t\t\t\t\t<input type=\"hidden\" name=\"queried_id\" value=\"23199\"\/>\n\t\t\t\n\t\t\t<div class=\"elementor-form-fields-wrapper elementor-labels-above\">\n\t\t\t\t\t\t\t\t<div class=\"elementor-field-type-date elementor-field-group elementor-column elementor-field-group-field_fbc1d5a elementor-col-33\">\n\t\t\t\t\t\t\t\t\t\t\t\t<label for=\"form-field-field_fbc1d5a\" class=\"elementor-field-label\">\n\t\t\t\t\t\t\t\tDate d'\u00e9v\u00e9nement\t\t\t\t\t\t\t<\/label>\n\t\t\t\t\t\t\n\t\t<input type=\"date\" name=\"form_fields[field_fbc1d5a]\" id=\"form-field-field_fbc1d5a\" class=\"elementor-field elementor-size-sm  elementor-field-textual elementor-date-field elementor-use-native\" pattern=\"[0-9]{4}-[0-9]{2}-[0-9]{2}\">\n\t\t\t\t\t\t<\/div>\n\t\t\t\t\t\t\t\t<div class=\"elementor-field-type-time elementor-field-group elementor-column elementor-field-group-field_e37b9be elementor-col-33\">\n\t\t\t\t\t\t\t\t\t\t\t\t<label for=\"form-field-field_e37b9be\" class=\"elementor-field-label\">\n\t\t\t\t\t\t\t\tL'heure (facultatif)\t\t\t\t\t\t\t<\/label>\n\t\t\t\t\t\t\t\t<input type=\"time\" name=\"form_fields[field_e37b9be]\" id=\"form-field-field_e37b9be\" class=\"elementor-field elementor-size-sm  elementor-field-textual elementor-time-field elementor-use-native\">\n\t\t\t\t\t\t<\/div>\n\t\t\t\t\t\t\t\t<div class=\"elementor-field-type-number elementor-field-group elementor-column elementor-field-group-field_faf4498 elementor-col-33 elementor-field-required\">\n\t\t\t\t\t\t\t\t\t\t\t\t<label for=\"form-field-field_faf4498\" class=\"elementor-field-label\">\n\t\t\t\t\t\t\t\tNombre de participants *\t\t\t\t\t\t\t<\/label>\n\t\t\t\t\t\t\t\t\t<input type=\"number\" name=\"form_fields[field_faf4498]\" id=\"form-field-field_faf4498\" class=\"elementor-field elementor-size-sm  elementor-field-textual\" required=\"required\" min=\"2\" max=\"50\" >\n\t\t\t\t\t\t<\/div>\n\t\t\t\t\t\t\t\t<div class=\"elementor-field-type-text elementor-field-group elementor-column elementor-field-group-field_9812ff4 elementor-col-33 elementor-field-required\">\n\t\t\t\t\t\t\t\t\t\t\t\t<label for=\"form-field-field_9812ff4\" class=\"elementor-field-label\">\n\t\t\t\t\t\t\t\tNom complet *\t\t\t\t\t\t\t<\/label>\n\t\t\t\t\t\t\t\t\t\t\t\t\t\t<input size=\"1\" type=\"text\" name=\"form_fields[field_9812ff4]\" id=\"form-field-field_9812ff4\" class=\"elementor-field elementor-size-sm  elementor-field-textual\" placeholder=\"Nom complet\" required=\"required\">\n\t\t\t\t\t\t\t\t\t\t\t<\/div>\n\t\t\t\t\t\t\t\t<div class=\"elementor-field-type-email elementor-field-group elementor-column elementor-field-group-field_c9668d6 elementor-col-33 elementor-field-required\">\n\t\t\t\t\t\t\t\t\t\t\t\t<label for=\"form-field-field_c9668d6\" class=\"elementor-field-label\">\n\t\t\t\t\t\t\t\tEmail *\t\t\t\t\t\t\t<\/label>\n\t\t\t\t\t\t\t\t\t\t\t\t\t\t<input size=\"1\" type=\"email\" name=\"form_fields[field_c9668d6]\" id=\"form-field-field_c9668d6\" class=\"elementor-field elementor-size-sm  elementor-field-textual\" placeholder=\"Email\" required=\"required\">\n\t\t\t\t\t\t\t\t\t\t\t<\/div>\n\t\t\t\t\t\t\t\t<div class=\"elementor-field-type-tel elementor-field-group elementor-column elementor-field-group-field_d725c77 elementor-col-33 elementor-field-required\">\n\t\t\t\t\t\t\t\t\t\t\t\t<label for=\"form-field-field_d725c77\" class=\"elementor-field-label\">\n\t\t\t\t\t\t\t\tNum\u00e9ro de t\u00e9l\u00e9phone *\t\t\t\t\t\t\t<\/label>\n\t\t\t\t\t\t\t\t<input size=\"1\" type=\"tel\" name=\"form_fields[field_d725c77]\" id=\"form-field-field_d725c77\" class=\"elementor-field elementor-size-sm  elementor-field-textual\" placeholder=\"Num\u00e9ro\" required=\"required\" pattern=\"[0-9()#&amp;+*-=.]+\" title=\"Only numbers and phone characters (#, -, *, etc) are accepted.\">\n\n\t\t\t\t\t\t<\/div>\n\t\t\t\t\t\t\t\t<div class=\"elementor-field-type-select elementor-field-group elementor-column elementor-field-group-field_d9da7bd elementor-col-50 elementor-field-required\">\n\t\t\t\t\t\t\t\t\t\t\t\t<label for=\"form-field-field_d9da7bd\" class=\"elementor-field-label\">\n\t\t\t\t\t\t\t\tType de salle *\t\t\t\t\t\t\t<\/label>\n\t\t\t\t\t\t\t\t<div class=\"elementor-field elementor-select-wrapper remove-before \">\n\t\t\t<div class=\"select-caret-down-wrapper\">\n\t\t\t\t<svg aria-hidden=\"true\" class=\"e-font-icon-svg e-eicon-caret-down\" viewBox=\"0 0 571.4 571.4\" xmlns=\"http:\/\/www.w3.org\/2000\/svg\"><path d=\"M571 393Q571 407 561 418L311 668Q300 679 286 679T261 668L11 418Q0 407 0 393T11 368 36 357H536Q550 357 561 368T571 393Z\"><\/path><\/svg>\t\t\t<\/div>\n\t\t\t<select name=\"form_fields[field_d9da7bd]\" id=\"form-field-field_d9da7bd\" class=\"elementor-field-textual elementor-size-sm\" required=\"required\">\n\t\t\t\t\t\t\t\t\t<option value=\"Tables en U\">Tables en U<\/option>\n\t\t\t\t\t\t\t\t\t<option value=\"Style Rectangle Conf\u00e9rence\">Style Rectangle Conf\u00e9rence<\/option>\n\t\t\t\t\t\t\t\t\t<option value=\"Style Classe\">Style Classe<\/option>\n\t\t\t\t\t\t\t\t\t<option value=\"Style th\u00e9atre\">Style th\u00e9atre<\/option>\n\t\t\t\t\t\t\t\t\t<option value=\"Banquet\">Banquet<\/option>\n\t\t\t\t\t\t\t\t\t<option value=\"Cocktail\">Cocktail<\/option>\n\t\t\t\t\t\t\t<\/select>\n\t\t<\/div>\n\t\t\t\t\t\t<\/div>\n\t\t\t\t\t\t\t\t<div class=\"elementor-field-type-text elementor-field-group elementor-column elementor-field-group-field_447739c elementor-col-50\">\n\t\t\t\t\t\t\t\t\t\t\t\t<label for=\"form-field-field_447739c\" class=\"elementor-field-label\">\n\t\t\t\t\t\t\t\tAgence (facultatif)\t\t\t\t\t\t\t<\/label>\n\t\t\t\t\t\t\t\t\t\t\t\t\t\t<input size=\"1\" type=\"text\" name=\"form_fields[field_447739c]\" id=\"form-field-field_447739c\" class=\"elementor-field elementor-size-sm  elementor-field-textual\" placeholder=\"Nom de l&#039;agence\">\n\t\t\t\t\t\t\t\t\t\t\t<\/div>\n\t\t\t\t\t\t\t\t<div class=\"elementor-field-type-radio elementor-field-group elementor-column elementor-field-group-field_d7322c8 elementor-col-100\">\n\t\t\t\t\t\t\t\t\t\t\t\t<label for=\"form-field-field_d7322c8\" class=\"elementor-field-label\">\n\t\t\t\t\t\t\t\tAvez-vous besoin d'ajouter des services suppl\u00e9mentaires ?\t\t\t\t\t\t\t<\/label>\n\t\t\t\t\t\t<div class=\"elementor-field-subgroup  elementor-subgroup-inline\"><span class=\"elementor-field-option\"><input type=\"radio\" value=\"Oui\" id=\"form-field-field_d7322c8-0\" name=\"form_fields[field_d7322c8]\"> <label for=\"form-field-field_d7322c8-0\">Oui<\/label><\/span><span class=\"elementor-field-option\"><input type=\"radio\" value=\"Non\" id=\"form-field-field_d7322c8-1\" name=\"form_fields[field_d7322c8]\"> <label for=\"form-field-field_d7322c8-1\">Non<\/label><\/span><\/div>\t\t\t\t<\/div>\n\t\t\t\t\t\t\t\t<div class=\"elementor-field-type-textarea elementor-field-group elementor-column elementor-field-group-field_53db1f8 elementor-col-100\">\n\t\t\t\t\t\t\t\t\t\t\t\t<label for=\"form-field-field_53db1f8\" class=\"elementor-field-label\">\n\t\t\t\t\t\t\t\tServices suppl\u00e9mentaires\t\t\t\t\t\t\t<\/label>\n\t\t\t\t\t\t<textarea class=\"elementor-field-textual elementor-field  elementor-size-sm\" name=\"form_fields[field_53db1f8]\" id=\"form-field-field_53db1f8\" rows=\"4\" placeholder=\"Les prestations que vous souhaitez (paperboard, vid\u00e9oprojecteur, pause-caf\u00e9, d\u00e9jeuner, etc.)\"><\/textarea>\t\t\t\t<\/div>\n\t\t\t\t\t\t\t\t<div class=\"elementor-field-type-textarea elementor-field-group elementor-column elementor-field-group-field_a90d710 elementor-col-100\">\n\t\t\t\t\t\t\t\t\t\t\t\t<label for=\"form-field-field_a90d710\" class=\"elementor-field-label\">\n\t\t\t\t\t\t\t\tMessage\t\t\t\t\t\t\t<\/label>\n\t\t\t\t\t\t<textarea class=\"elementor-field-textual elementor-field  elementor-size-sm\" name=\"form_fields[field_a90d710]\" id=\"form-field-field_a90d710\" rows=\"4\" placeholder=\"Votre message\"><\/textarea>\t\t\t\t<\/div>\n\t\t\t\t\t\t\t\t<div class=\"elementor-field-group elementor-column elementor-field-type-submit elementor-col-100 e-form__buttons\">\n\t\t\t\t\t<button class=\"elementor-button elementor-size-md\" type=\"submit\">\n\t\t\t\t\t\t<span class=\"elementor-button-content-wrapper\">\n\t\t\t\t\t\t\t\t\t\t\t\t\t\t\t\t\t\t\t\t\t\t<span class=\"elementor-button-text\">Envoyer<\/span>\n\t\t\t\t\t\t\t\t\t\t\t\t\t<\/span>\n\t\t\t\t\t<\/button>\n\t\t\t\t<\/div>\n\t\t\t<\/div>\n\t\t<\/form>\n\t\t\t\t\t\t<\/div>\n\t\t\t\t<\/div>\n\t\t\t\t<\/div>\n\t\t\t\t<section class=\"elementor-section elementor-top-section elementor-element elementor-element-57b4d32 mb-5 elementor-section-boxed elementor-section-height-default elementor-section-height-default\" data-id=\"57b4d32\" data-element_type=\"section\">\n\t\t\t\t\t\t<div class=\"elementor-container elementor-column-gap-default\">\n\t\t\t\t\t<div class=\"elementor-column elementor-col-100 elementor-top-column elementor-element elementor-element-4738121\" data-id=\"4738121\" data-element_type=\"column\">\n\t\t\t<div class=\"elementor-widget-wrap elementor-element-populated\">\n\t\t\t\t\t\t<div class=\"elementor-section elementor-inner-section elementor-element elementor-element-feb181d elementor-section-full_width mb-5 elementor-section-height-default elementor-section-height-default\" data-id=\"feb181d\" data-element_type=\"section\">\n\t\t\t\t\t\t<div class=\"elementor-container elementor-column-gap-default row\">\n\t\t\t\t\t<div class=\"elementor-column elementor-col-33 elementor-inner-column elementor-element elementor-element-6c4799a col-md-6 col-lg-4\" data-id=\"6c4799a\" data-element_type=\"column\">\n\t\t\t<div class=\"mb-5 mb-lg-0 text-center  p-0 elementor-widget-wrap elementor-element-populated\">\n\t\t\t\t\t\t<div class=\"elementor-element elementor-element-6cbb79f mb-0 elementor-widget elementor-widget-highlighted-heading\" data-id=\"6cbb79f\" data-element_type=\"widget\" data-widget_type=\"highlighted-heading.default\">\n\t\t\t\t<div class=\"elementor-widget-container\">\n\t\t\t\t\t<h6 class=\"mytravel-elementor-highlighted-heading__title text-gray-3 font-weight-bold font-size-21\">Email<\/h6>\t\t\t\t<\/div>\n\t\t\t\t<\/div>\n\t\t\t\t<div class=\"elementor-element elementor-element-f3ea3de mb-0 elementor-widget elementor-widget-highlighted-heading\" data-id=\"f3ea3de\" data-element_type=\"widget\" data-widget_type=\"highlighted-heading.default\">\n\t\t\t\t<div class=\"elementor-widget-container\">\n\t\t\t\t\t<p class=\"mytravel-elementor-highlighted-heading__title mb-0 text-gray-1\">creteil@eurohotel.fr<\/p>\t\t\t\t<\/div>\n\t\t\t\t<\/div>\n\t\t\t\t\t<\/div>\n\t\t<\/div>\n\t\t\t\t<div class=\"elementor-column elementor-col-33 elementor-inner-column elementor-element elementor-element-c0db9ab col-md-6 col-lg-4\" data-id=\"c0db9ab\" data-element_type=\"column\">\n\t\t\t<div class=\"mb-5 mb-lg-0 text-center p-0 elementor-widget-wrap elementor-element-populated\">\n\t\t\t\t\t\t<div class=\"elementor-element elementor-element-a8dcbd3 mb-0 elementor-widget elementor-widget-highlighted-heading\" data-id=\"a8dcbd3\" data-element_type=\"widget\" data-widget_type=\"highlighted-heading.default\">\n\t\t\t\t<div class=\"elementor-widget-container\">\n\t\t\t\t\t<h6 class=\"mytravel-elementor-highlighted-heading__title text-gray-3 font-weight-bold font-size-21\">Localisation<\/h6>\t\t\t\t<\/div>\n\t\t\t\t<\/div>\n\t\t\t\t<div class=\"elementor-element elementor-element-3e127ea mb-0 elementor-widget elementor-widget-highlighted-heading\" data-id=\"3e127ea\" data-element_type=\"widget\" data-widget_type=\"highlighted-heading.default\">\n\t\t\t\t<div class=\"elementor-widget-container\">\n\t\t\t\t\t<p class=\"mytravel-elementor-highlighted-heading__title mb-1 text-gray-1\">12 Rue Fernand Pouillon, 94000 <\/p>\t\t\t\t<\/div>\n\t\t\t\t<\/div>\n\t\t\t\t<div class=\"elementor-element elementor-element-3c239e5 mb-0 elementor-widget elementor-widget-highlighted-heading\" data-id=\"3c239e5\" data-element_type=\"widget\" data-widget_type=\"highlighted-heading.default\">\n\t\t\t\t<div class=\"elementor-widget-container\">\n\t\t\t\t\t<p class=\"mytravel-elementor-highlighted-heading__title text-gray-1 mb-3 mb-md-5\">Cr\u00e9teil, France<\/p>\t\t\t\t<\/div>\n\t\t\t\t<\/div>\n\t\t\t\t<div class=\"elementor-element elementor-element-28d3760 elementor-widget elementor-widget-highlighted-heading\" data-id=\"28d3760\" data-element_type=\"widget\" data-widget_type=\"highlighted-heading.default\">\n\t\t\t\t<div class=\"elementor-widget-container\">\n\t\t\t\t\t<span class=\"mytravel-elementor-highlighted-heading__title\"><a href=\"https:\/\/maps.app.goo.gl\/Vcw8N9LunhQZKA8x7\" class=\"text-reset text-decoration-none d-inline-block\" target=\"_blank\" rel=\"noopener\"><span class=\"mytravel-elementor-highlighted-heading__highlighted-text border-bottom border-primary font-weight-normal font-size-14 text-primary\">Voir sur la carte<\/span><\/a><\/span>\t\t\t\t<\/div>\n\t\t\t\t<\/div>\n\t\t\t\t\t<\/div>\n\t\t<\/div>\n\t\t\t\t<div class=\"elementor-column elementor-col-33 elementor-inner-column elementor-element elementor-element-3768504 col-md-6 col-lg-4\" data-id=\"3768504\" data-element_type=\"column\">\n\t\t\t<div class=\"mb-5 mb-lg-0 text-center p-0 elementor-widget-wrap elementor-element-populated\">\n\t\t\t\t\t\t<div class=\"elementor-element elementor-element-edad1be mb-0 elementor-widget elementor-widget-highlighted-heading\" data-id=\"edad1be\" data-element_type=\"widget\" data-widget_type=\"highlighted-heading.default\">\n\t\t\t\t<div class=\"elementor-widget-container\">\n\t\t\t\t\t<h6 class=\"mytravel-elementor-highlighted-heading__title text-gray-3 font-weight-bold font-size-21\">T\u00e9l\u00e9phone<\/h6>\t\t\t\t<\/div>\n\t\t\t\t<\/div>\n\t\t\t\t<div class=\"elementor-element elementor-element-4b517b2 mb-0 elementor-widget elementor-widget-highlighted-heading\" data-id=\"4b517b2\" data-element_type=\"widget\" data-widget_type=\"highlighted-heading.default\">\n\t\t\t\t<div class=\"elementor-widget-container\">\n\t\t\t\t\t<p class=\"mytravel-elementor-highlighted-heading__title mb-1 text-gray-1\">+331 49 80 01 63<\/p>\t\t\t\t<\/div>\n\t\t\t\t<\/div>\n\t\t\t\t\t<\/div>\n\t\t<\/div>\n\t\t\t\t\t<\/div>\n\t\t<\/div>\n\t\t\t\t\t<\/div>\n\t\t<\/div>\n\t\t\t\t\t<\/div>\n\t\t<\/section>\n\t\t<div class=\"elementor-element elementor-element-40b41a2 e-flex e-con-boxed e-con e-parent\" data-id=\"40b41a2\" data-element_type=\"container\">\n\t\t\t\t\t<div class=\"e-con-inner\">\n\t\t\t\t<div class=\"elementor-element elementor-element-0039c7a elementor-widget elementor-widget-html\" data-id=\"0039c7a\" data-element_type=\"widget\" data-widget_type=\"html.default\">\n\t\t\t\t<div class=\"elementor-widget-container\">\n\t\t\t\t\t<script>\r\njQuery(document).ready(function($) {\r\n    \/\/ Hide the entire field group (label + input)\r\n    $('#form-field-field_53db1f8').closest('.elementor-field-group').hide();\r\n\r\n    \/\/ When user selects Oui\/Non\r\n    $('input[name=\"form_fields[field_d7322c8]\"]').on('change', function() {\r\n        if ($(this).val() === 'Oui') {\r\n            $('#form-field-field_53db1f8').closest('.elementor-field-group').slideDown();\r\n        } else {\r\n            $('#form-field-field_53db1f8').closest('.elementor-field-group').slideUp();\r\n        }\r\n    });\r\n});\r\n<\/script>\r\n\t\t\t\t<\/div>\n\t\t\t\t<\/div>\n\t\t\t\t\t<\/div>\n\t\t\t\t<\/div>\n\t\t\t\t<\/div>\n\t\t","protected":false},"excerpt":{"rendered":"Demande de devis Pour tout type de question, n&rsquo;h\u00e9sitez pas \u00e0 nous contacter en remplissant ce formulaire. Nous vous r\u00e9pondrons dans les plus brefs d\u00e9lais avec des solutions et vous informerons en d\u00e9tail. Formulaire de contact Email creteil@eurohotel.fr Localisation 12 Rue Fernand Pouillon, 94000 Cr\u00e9teil, France Voir sur la carte T\u00e9l\u00e9phone +331 49 80 01&#8230;","protected":false},"author":1,"featured_media":0,"parent":0,"menu_order":0,"comment_status":"closed","ping_status":"closed","template":"elementor_header_footer","meta":{"_acf_changed":false,"footnotes":""},"class_list":["post-23199","page","type-page","status-publish","hentry"],"acf":[],"_links":{"self":[{"href":"https:\/\/eurohotelpariscreteil.com\/en\/wp-json\/wp\/v2\/pages\/23199","targetHints":{"allow":["GET"]}}],"collection":[{"href":"https:\/\/eurohotelpariscreteil.com\/en\/wp-json\/wp\/v2\/pages"}],"about":[{"href":"https:\/\/eurohotelpariscreteil.com\/en\/wp-json\/wp\/v2\/types\/page"}],"author":[{"embeddable":true,"href":"https:\/\/eurohotelpariscreteil.com\/en\/wp-json\/wp\/v2\/users\/1"}],"replies":[{"embeddable":true,"href":"https:\/\/eurohotelpariscreteil.com\/en\/wp-json\/wp\/v2\/comments?post=23199"}],"version-history":[{"count":83,"href":"https:\/\/eurohotelpariscreteil.com\/en\/wp-json\/wp\/v2\/pages\/23199\/revisions"}],"predecessor-version":[{"id":24452,"href":"https:\/\/eurohotelpariscreteil.com\/en\/wp-json\/wp\/v2\/pages\/23199\/revisions\/24452"}],"wp:attachment":[{"href":"https:\/\/eurohotelpariscreteil.com\/en\/wp-json\/wp\/v2\/media?parent=23199"}],"curies":[{"name":"wp","href":"https:\/\/api.w.org\/{rel}","templated":true}]}}